{"id":5211,"date":"2025-08-27T19:59:42","date_gmt":"2025-08-27T17:59:42","guid":{"rendered":"https:\/\/www.topinvestmentspanama.com\/?page_id=5211"},"modified":"2025-08-28T00:34:18","modified_gmt":"2025-08-27T22:34:18","slug":"invertir-en-panama","status":"publish","type":"page","link":"https:\/\/topinvestmentspanama.com\/es\/invertir-en-panama\/","title":{"rendered":"Invertir en Panam\u00e1"},"content":{"rendered":"<div data-elementor-type=\"wp-page\" data-elementor-id=\"5211\" class=\"elementor elementor-5211\">\n\t\t\t\t<div class=\"elementor-element elementor-element-f6c4962 e-flex e-con-boxed e-con e-parent\" data-id=\"f6c4962\" data-element_type=\"container\" data-e-type=\"container\">\n\t\t\t\t\t<div class=\"e-con-inner\">\n\t\t\t\t<div class=\"elementor-element elementor-element-7fe4b18 elementor-widget elementor-widget-heading\" data-id=\"7fe4b18\" data-element_type=\"widget\" data-e-type=\"widget\" data-widget_type=\"heading.default\">\n\t\t\t\t<div class=\"elementor-widget-container\">\n\t\t\t\t\t<h2 class=\"elementor-heading-title elementor-size-default\">Invertir en Panam\u00e1 en 2025 presenta una oportunidad \u00fanica<\/h2>\t\t\t\t<\/div>\n\t\t\t\t<\/div>\n\t\t\t\t\t<\/div>\n\t\t\t\t<\/div>\n\t\t<div class=\"elementor-element elementor-element-98c1ae5 e-flex e-con-boxed e-con e-parent\" data-id=\"98c1ae5\" data-element_type=\"container\" data-e-type=\"container\">\n\t\t\t\t\t<div class=\"e-con-inner\">\n\t\t<div class=\"elementor-element elementor-element-8cb702f e-con-full e-flex e-con e-child\" data-id=\"8cb702f\" data-element_type=\"container\" data-e-type=\"container\">\n\t\t\t\t<div class=\"elementor-element elementor-element-db792ba elementor-widget elementor-widget-text-editor\" data-id=\"db792ba\" data-element_type=\"widget\" data-e-type=\"widget\" data-widget_type=\"text-editor.default\">\n\t\t\t\t<div class=\"elementor-widget-container\">\n\t\t\t\t\t\t\t\t\t<p><span style=\"font-weight: 400; color: #333333;\">Invertir en Panam\u00e1 en 2025 presenta una oportunidad \u00fanica impulsada por los avances en log\u00edstica y tecnolog\u00eda. Como centro estrat\u00e9gico en Centroam\u00e9rica, la ubicaci\u00f3n de Panam\u00e1 conecta Am\u00e9rica del Norte y del Sur, lo que la convierte en un destino principal para las empresas que buscan ampliar su alcance. Seg\u00fan pron\u00f3sticos recientes, se proyecta que el sector log\u00edstico paname\u00f1o crecer\u00e1 un 7% anual hasta 2025, impulsado por inversiones en infraestructura y avances en tecnolog\u00edas de la cadena de suministro.<\/span><\/p>\t\t\t\t\t\t\t\t<\/div>\n\t\t\t\t<\/div>\n\t\t\t\t<\/div>\n\t\t<div class=\"elementor-element elementor-element-f559e3c e-con-full e-flex e-con e-child\" data-id=\"f559e3c\" data-element_type=\"container\" data-e-type=\"container\">\n\t\t<div class=\"elementor-element elementor-element-90ce2fd e-con-full e-flex e-con e-child\" data-id=\"90ce2fd\" data-element_type=\"container\" data-e-type=\"container\">\n\t\t\t\t<div class=\"elementor-element elementor-element-1c64c9e elementor-widget elementor-widget-image\" data-id=\"1c64c9e\" data-element_type=\"widget\" data-e-type=\"widget\" data-widget_type=\"image.default\">\n\t\t\t\t<div class=\"elementor-widget-container\">\n\t\t\t\t\t\t\t\t\t\t\t\t\t\t\t<img fetchpriority=\"high\" decoding=\"async\" width=\"800\" height=\"535\" src=\"https:\/\/topinvestmentspanama.com\/wp-content\/uploads\/2025\/08\/panama-1.webp\" class=\"attachment-large size-large wp-image-5214\" alt=\"\" srcset=\"https:\/\/topinvestmentspanama.com\/wp-content\/uploads\/2025\/08\/panama-1.webp 800w, https:\/\/topinvestmentspanama.com\/wp-content\/uploads\/2025\/08\/panama-1-300x201.webp 300w, https:\/\/topinvestmentspanama.com\/wp-content\/uploads\/2025\/08\/panama-1-768x514.webp 768w, https:\/\/topinvestmentspanama.com\/wp-content\/uploads\/2025\/08\/panama-1-18x12.webp 18w, https:\/\/topinvestmentspanama.com\/wp-content\/uploads\/2025\/08\/panama-1-150x100.webp 150w, https:\/\/topinvestmentspanama.com\/wp-content\/uploads\/2025\/08\/panama-1-488x326.webp 488w\" sizes=\"(max-width: 800px) 100vw, 800px\" \/>\t\t\t\t\t\t\t\t\t\t\t\t\t\t\t<\/div>\n\t\t\t\t<\/div>\n\t\t\t\t<\/div>\n\t\t\t\t<\/div>\n\t\t\t\t\t<\/div>\n\t\t\t\t<\/div>\n\t\t<div class=\"elementor-element elementor-element-115c5ea e-flex e-con-boxed e-con e-parent\" data-id=\"115c5ea\" data-element_type=\"container\" data-e-type=\"container\">\n\t\t\t\t\t<div class=\"e-con-inner\">\n\t\t\t\t<div class=\"elementor-element elementor-element-dc52438 elementor-widget elementor-widget-heading\" data-id=\"dc52438\" data-element_type=\"widget\" data-e-type=\"widget\" data-widget_type=\"heading.default\">\n\t\t\t\t<div class=\"elementor-widget-container\">\n\t\t\t\t\t<h4 class=\"elementor-heading-title elementor-size-default\">La ampliaci\u00f3n del Canal de Panam\u00e1 es una ventaja<\/h4>\t\t\t\t<\/div>\n\t\t\t\t<\/div>\n\t\t\t\t\t<\/div>\n\t\t\t\t<\/div>\n\t\t<div class=\"elementor-element elementor-element-4cd646a e-flex e-con-boxed e-con e-parent\" data-id=\"4cd646a\" data-element_type=\"container\" data-e-type=\"container\">\n\t\t\t\t\t<div class=\"e-con-inner\">\n\t\t<div class=\"elementor-element elementor-element-6d1d9c6 e-con-full e-flex e-con e-child\" data-id=\"6d1d9c6\" data-element_type=\"container\" data-e-type=\"container\">\n\t\t\t\t<div class=\"elementor-element elementor-element-2ed4def elementor-widget elementor-widget-image\" data-id=\"2ed4def\" data-element_type=\"widget\" data-e-type=\"widget\" data-widget_type=\"image.default\">\n\t\t\t\t<div class=\"elementor-widget-container\">\n\t\t\t\t\t\t\t\t\t\t\t\t\t\t\t<img decoding=\"async\" width=\"800\" height=\"535\" src=\"https:\/\/topinvestmentspanama.com\/wp-content\/uploads\/2025\/08\/Panama-251124-b.webp\" class=\"attachment-large size-large wp-image-5217\" alt=\"\" srcset=\"https:\/\/topinvestmentspanama.com\/wp-content\/uploads\/2025\/08\/Panama-251124-b.webp 800w, https:\/\/topinvestmentspanama.com\/wp-content\/uploads\/2025\/08\/Panama-251124-b-300x201.webp 300w, https:\/\/topinvestmentspanama.com\/wp-content\/uploads\/2025\/08\/Panama-251124-b-768x514.webp 768w, https:\/\/topinvestmentspanama.com\/wp-content\/uploads\/2025\/08\/Panama-251124-b-18x12.webp 18w, https:\/\/topinvestmentspanama.com\/wp-content\/uploads\/2025\/08\/Panama-251124-b-150x100.webp 150w, https:\/\/topinvestmentspanama.com\/wp-content\/uploads\/2025\/08\/Panama-251124-b-488x326.webp 488w\" sizes=\"(max-width: 800px) 100vw, 800px\" \/>\t\t\t\t\t\t\t\t\t\t\t\t\t\t\t<\/div>\n\t\t\t\t<\/div>\n\t\t\t\t<\/div>\n\t\t<div class=\"elementor-element elementor-element-3c56f8e e-con-full e-flex e-con e-child\" data-id=\"3c56f8e\" data-element_type=\"container\" data-e-type=\"container\">\n\t\t<div class=\"elementor-element elementor-element-7352746 e-con-full e-flex e-con e-child\" data-id=\"7352746\" data-element_type=\"container\" data-e-type=\"container\">\n\t\t\t\t<div class=\"elementor-element elementor-element-6426c80 elementor-widget elementor-widget-text-editor\" data-id=\"6426c80\" data-element_type=\"widget\" data-e-type=\"widget\" data-widget_type=\"text-editor.default\">\n\t\t\t\t<div class=\"elementor-widget-container\">\n\t\t\t\t\t\t\t\t\t<p><span style=\"font-weight: 400; color: #333333;\">La ampliaci\u00f3n del Canal de Panam\u00e1 ha mejorado a\u00fan m\u00e1s las capacidades mar\u00edtimas del pa\u00eds, permitiendo buques m\u00e1s grandes, lo que posteriormente aumenta la eficiencia comercial. Se estima que en 2025 m\u00e1s de 5.000 barcos transitar\u00e1n por el Canal, lo que ilustra la creciente dependencia mundial de esta arteria vital. Junto con los avances en la log\u00edstica digital, incluida la tecnolog\u00eda blockchain y la inteligencia artificial, las empresas pueden esperar un mejor seguimiento, transparencia y eficiencia en sus cadenas de suministro.<\/span><\/p>\t\t\t\t\t\t\t\t<\/div>\n\t\t\t\t<\/div>\n\t\t\t\t<\/div>\n\t\t\t\t<\/div>\n\t\t\t\t\t<\/div>\n\t\t\t\t<\/div>\n\t\t<div class=\"elementor-element elementor-element-775cd96 e-flex e-con-boxed e-con e-parent\" data-id=\"775cd96\" data-element_type=\"container\" data-e-type=\"container\">\n\t\t\t\t\t<div class=\"e-con-inner\">\n\t\t\t\t<div class=\"elementor-element elementor-element-27a4d47 elementor-widget elementor-widget-heading\" data-id=\"27a4d47\" data-element_type=\"widget\" data-e-type=\"widget\" data-widget_type=\"heading.default\">\n\t\t\t\t<div class=\"elementor-widget-container\">\n\t\t\t\t\t<h4 class=\"elementor-heading-title elementor-size-default\">El mejor lugar para las fintech<\/h4>\t\t\t\t<\/div>\n\t\t\t\t<\/div>\n\t\t\t\t\t<\/div>\n\t\t\t\t<\/div>\n\t\t<div class=\"elementor-element elementor-element-e059947 e-flex e-con-boxed e-con e-parent\" data-id=\"e059947\" data-element_type=\"container\" data-e-type=\"container\">\n\t\t\t\t\t<div class=\"e-con-inner\">\n\t\t<div class=\"elementor-element elementor-element-5b19293 e-con-full e-flex e-con e-child\" data-id=\"5b19293\" data-element_type=\"container\" data-e-type=\"container\">\n\t\t\t\t<div class=\"elementor-element elementor-element-da4419f elementor-widget elementor-widget-text-editor\" data-id=\"da4419f\" data-element_type=\"widget\" data-e-type=\"widget\" data-widget_type=\"text-editor.default\">\n\t\t\t\t<div class=\"elementor-widget-container\">\n\t\t\t\t\t\t\t\t\t<p><span style=\"font-weight: 400; color: #333333;\">Adem\u00e1s, el compromiso de Panam\u00e1 de mejorar su panorama tecnol\u00f3gico respalda a varios sectores, incluidos fintech, comercio electr\u00f3nico y telecomunicaciones. Al invertir en iniciativas tecnol\u00f3gicas, Panam\u00e1 se est\u00e1 preparando para atraer empresas internacionales que buscan un entorno operativo moderno y eficiente.<\/span><\/p>\t\t\t\t\t\t\t\t<\/div>\n\t\t\t\t<\/div>\n\t\t\t\t<\/div>\n\t\t<div class=\"elementor-element elementor-element-88a5bb2 e-con-full e-flex e-con e-child\" data-id=\"88a5bb2\" data-element_type=\"container\" data-e-type=\"container\">\n\t\t\t\t<div class=\"elementor-element elementor-element-ccb135e elementor-widget elementor-widget-image\" data-id=\"ccb135e\" data-element_type=\"widget\" data-e-type=\"widget\" data-widget_type=\"image.default\">\n\t\t\t\t<div class=\"elementor-widget-container\">\n\t\t\t\t\t\t\t\t\t\t\t\t\t\t\t<img decoding=\"async\" width=\"640\" height=\"400\" src=\"https:\/\/topinvestmentspanama.com\/wp-content\/uploads\/2025\/08\/2.-Camara-Fintech-de-Panama-Shut-2.webp\" class=\"attachment-full size-full wp-image-5221\" alt=\"\" srcset=\"https:\/\/topinvestmentspanama.com\/wp-content\/uploads\/2025\/08\/2.-Camara-Fintech-de-Panama-Shut-2.webp 640w, https:\/\/topinvestmentspanama.com\/wp-content\/uploads\/2025\/08\/2.-Camara-Fintech-de-Panama-Shut-2-300x188.webp 300w, https:\/\/topinvestmentspanama.com\/wp-content\/uploads\/2025\/08\/2.-Camara-Fintech-de-Panama-Shut-2-18x12.webp 18w, https:\/\/topinvestmentspanama.com\/wp-content\/uploads\/2025\/08\/2.-Camara-Fintech-de-Panama-Shut-2-150x94.webp 150w\" sizes=\"(max-width: 640px) 100vw, 640px\" \/>\t\t\t\t\t\t\t\t\t\t\t\t\t\t\t<\/div>\n\t\t\t\t<\/div>\n\t\t\t\t<\/div>\n\t\t<div class=\"elementor-element elementor-element-4f68204 e-con-full e-flex e-con e-child\" data-id=\"4f68204\" data-element_type=\"container\" data-e-type=\"container\">\n\t\t\t\t<div class=\"elementor-element elementor-element-debc823 elementor-widget elementor-widget-image\" data-id=\"debc823\" data-element_type=\"widget\" data-e-type=\"widget\" data-widget_type=\"image.default\">\n\t\t\t\t<div class=\"elementor-widget-container\">\n\t\t\t\t\t\t\t\t\t\t\t\t\t\t\t<img loading=\"lazy\" decoding=\"async\" width=\"630\" height=\"400\" src=\"https:\/\/topinvestmentspanama.com\/wp-content\/uploads\/2025\/08\/area_banca-_0.webp\" class=\"attachment-large size-large wp-image-5219\" alt=\"\" srcset=\"https:\/\/topinvestmentspanama.com\/wp-content\/uploads\/2025\/08\/area_banca-_0.webp 630w, https:\/\/topinvestmentspanama.com\/wp-content\/uploads\/2025\/08\/area_banca-_0-300x190.webp 300w, https:\/\/topinvestmentspanama.com\/wp-content\/uploads\/2025\/08\/area_banca-_0-18x12.webp 18w, https:\/\/topinvestmentspanama.com\/wp-content\/uploads\/2025\/08\/area_banca-_0-150x95.webp 150w\" sizes=\"(max-width: 630px) 100vw, 630px\" \/>\t\t\t\t\t\t\t\t\t\t\t\t\t\t\t<\/div>\n\t\t\t\t<\/div>\n\t\t\t\t<\/div>\n\t\t\t\t\t<\/div>\n\t\t\t\t<\/div>\n\t\t<div class=\"elementor-element elementor-element-2f60386 e-flex e-con-boxed e-con e-parent\" data-id=\"2f60386\" data-element_type=\"container\" data-e-type=\"container\">\n\t\t\t\t\t<div class=\"e-con-inner\">\n\t\t<div class=\"elementor-element elementor-element-7fa6cc1 e-con-full e-flex e-con e-child\" data-id=\"7fa6cc1\" data-element_type=\"container\" data-e-type=\"container\">\n\t\t\t\t<div class=\"elementor-element elementor-element-5d29587 elementor-widget elementor-widget-text-editor\" data-id=\"5d29587\" data-element_type=\"widget\" data-e-type=\"widget\" data-widget_type=\"text-editor.default\">\n\t\t\t\t<div class=\"elementor-widget-container\">\n\t\t\t\t\t\t\t\t\t<p style=\"text-align: left;\"><span style=\"font-weight: 400; color: #333333;\">La combinaci\u00f3n de estos factores (una s\u00f3lida infraestructura log\u00edstica y un sector tecnol\u00f3gico con visi\u00f3n de futuro) posiciona a Panam\u00e1 como una opci\u00f3n atractiva para los inversores en 2025. Con una econom\u00eda estable y un entorno empresarial favorable, ahora es el momento de considerar aprovechar el potencial que ofrece Panam\u00e1. La colaboraci\u00f3n con las autoridades locales y las redes empresariales facilitar\u00e1 a\u00fan m\u00e1s la comprensi\u00f3n de los beneficios \u00fanicos de este mercado en crecimiento.<\/span><\/p>\t\t\t\t\t\t\t\t<\/div>\n\t\t\t\t<\/div>\n\t\t\t\t<\/div>\n\t\t<div class=\"elementor-element elementor-element-81824bd e-con-full e-flex e-con e-child\" data-id=\"81824bd\" data-element_type=\"container\" data-e-type=\"container\" data-settings=\"{&quot;background_background&quot;:&quot;classic&quot;}\">\n\t\t\t\t<div class=\"elementor-element elementor-element-9b1f4b5 elementor-widget elementor-widget-text-editor\" data-id=\"9b1f4b5\" data-element_type=\"widget\" data-e-type=\"widget\" data-widget_type=\"text-editor.default\">\n\t\t\t\t<div class=\"elementor-widget-container\">\n\t\t\t\t\t\t\t\t\t<h2 style=\"text-align: center;\"><span style=\"font-weight: 400; color: #ffffff;\">Para obtener orientaci\u00f3n m\u00e1s detallada adaptada a sus necesidades de inversi\u00f3n, comun\u00edquese con Liz Gonz\u00e1lez al (507)6843-4183.<\/span><\/h2>\t\t\t\t\t\t\t\t<\/div>\n\t\t\t\t<\/div>\n\t\t\t\t<\/div>\n\t\t\t\t\t<\/div>\n\t\t\t\t<\/div>\n\t\t\t\t<\/div>","protected":false},"excerpt":{"rendered":"<p>Investing in Panama in 2025 presents a unique opportunity Investing in Panama in 2025 presents a unique opportunity driven by advancements in logistics and technology. As a strategic hub in Central America, Panama\u2019s location connects North and South America, making it a prime destination for businesses aiming to expand their reach. According to recent forecasts,&#8230;<\/p>","protected":false},"author":1,"featured_media":0,"parent":0,"menu_order":0,"comment_status":"closed","ping_status":"closed","template":"","meta":{"footnotes":""},"class_list":["post-5211","page","type-page","status-publish","hentry"],"_links":{"self":[{"href":"https:\/\/topinvestmentspanama.com\/es\/wp-json\/wp\/v2\/pages\/5211","targetHints":{"allow":["GET"]}}],"collection":[{"href":"https:\/\/topinvestmentspanama.com\/es\/wp-json\/wp\/v2\/pages"}],"about":[{"href":"https:\/\/topinvestmentspanama.com\/es\/wp-json\/wp\/v2\/types\/page"}],"author":[{"embeddable":true,"href":"https:\/\/topinvestmentspanama.com\/es\/wp-json\/wp\/v2\/users\/1"}],"replies":[{"embeddable":true,"href":"https:\/\/topinvestmentspanama.com\/es\/wp-json\/wp\/v2\/comments?post=5211"}],"version-history":[{"count":0,"href":"https:\/\/topinvestmentspanama.com\/es\/wp-json\/wp\/v2\/pages\/5211\/revisions"}],"wp:attachment":[{"href":"https:\/\/topinvestmentspanama.com\/es\/wp-json\/wp\/v2\/media?parent=5211"}],"curies":[{"name":"wp","href":"https:\/\/api.w.org\/{rel}","templated":true}]}}